{"id":1089,"date":"2026-03-24T16:36:45","date_gmt":"2026-03-24T13:36:45","guid":{"rendered":"https:\/\/medbank.net\/?page_id=1089"},"modified":"2026-03-24T16:36:45","modified_gmt":"2026-03-24T13:36:45","slug":"project-9","status":"publish","type":"page","link":"https:\/\/medbank.pro\/fr\/projects\/project-9\/","title":{"rendered":"Projet \u00abLigne de contact\u00bb: L\u2019art qui unit m\u00e9moire et tradition"},"content":{"rendered":"\n<p>Le concept repose sur les notions de continuit\u00e9 et d&rsquo;unit\u00e9. Les cr\u00e9ateurs du projet (le collectif de commissaires d&rsquo;exposition \u00abIZBA\u00bb) d\u00e9montrent comment la m\u00e9moire de la Grande Guerre patriotique se transmet par la cr\u00e9ation. Il s&rsquo;agit d&rsquo;un dialogue autour de valeurs \u00e9ternelles: l&rsquo;amour de la patrie, la foi en l&rsquo;avenir de la Russie et l&rsquo;espoir de pr\u00e9server les traditions culturelles.<\/p>\n\n\n\n<p class=\"mt-5 mb-4\">Le nom \u00abLigne de contact\u00bb symbolise les nombreux points de contact<\/p>\n\n\n\n<div class=\"wp-block-columns mt-4 is-layout-flex wp-container-core-columns-is-layout-9d6595d7 wp-block-columns-is-layout-flex\">\n<div class=\"wp-block-column card gray is-layout-flow wp-block-column-is-layout-flow\">\n<h5 class=\"wp-block-heading has-text-align-center\">Entre l&rsquo;artiste et le spectateur<\/h5>\n<\/div>\n\n\n\n<div class=\"wp-block-column card gray is-layout-flow wp-block-column-is-layout-flow\">\n<h5 class=\"wp-block-heading has-text-align-center\">Entre beaux-arts et mots po\u00e9tiques<\/h5>\n<\/div>\n<\/div>\n\n\n\n<div class=\"wp-block-columns mb-4 is-layout-flex wp-container-core-columns-is-layout-9d6595d7 wp-block-columns-is-layout-flex\">\n<div class=\"wp-block-column card gray is-layout-flow wp-block-column-is-layout-flow\">\n<h5 class=\"wp-block-heading has-text-align-center\">Entre traditions classiques et vision moderne<\/h5>\n<\/div>\n\n\n\n<div class=\"wp-block-column card gray is-layout-flow wp-block-column-is-layout-flow\">\n<h5 class=\"wp-block-heading has-text-align-center\">Entre diff\u00e9rentes g\u00e9n\u00e9rations de cr\u00e9ateurs<\/h5>\n<\/div>\n<\/div>\n\n\n\n<p class=\"mb-5\">Participer \u00e0 la formation de jeunes sp\u00e9cialistes s&rsquo;inscrit dans la strat\u00e9gie de d\u00e9veloppement industriel de Medbank. L&rsquo;entreprise souhaite attirer des professionnels talentueux ma\u00eetrisant les technologies modernes et les enjeux de la transformation num\u00e9rique du secteur de la sant\u00e9. Ces initiatives p\u00e9dagogiques permettent aux \u00e9tudiants de s&rsquo;immerger dans un environnement professionnel pendant leurs \u00e9tudes, tandis que l&rsquo;entreprise constitue un vivier de talents et partage son expertise.<\/p>\n\n\n\n<h2 class=\"wp-block-heading mb-5 mt-5\">Participants au projet<\/h2>\n\n\n\n<h3 class=\"wp-block-heading mt-5\">Ma\u00eetres et classiques<\/h3>\n\n\n\n<p><strong>Valery Arkhipov<\/strong> est professeur, doyen du d\u00e9partement d&rsquo;art de l\u2019Institut panrusse de cin\u00e9matographie (VGIK) et artiste \u00e9m\u00e9rite de Russie. Ses \u0153uvres se caract\u00e9risent par des graphismes puissants et expressifs qui \u00e9voquent des images d&rsquo;archives.<\/p>\n\n\n\n<p><strong>Sergey Gonkov<\/strong> est membre honoraire de l&rsquo;Acad\u00e9mie des arts populaires et un illustrateur classique dont les \u0153uvres impressionnent par leur pr\u00e9cision dans les d\u00e9tails.est membre honoraire de l&rsquo;Acad\u00e9mie des arts populaires et un illustrateur classique dont les \u0153uvres impressionnent par leur pr\u00e9cision dans les d\u00e9tails.<\/p>\n\n\n\n<p><strong>Mikha\u00efl Konovalov<\/strong> est un artiste \u00e9m\u00e9rite de Russie, repr\u00e9sentant une puissante \u00e9cole de peinture plastique.<\/p>\n\n\n\n<p><strong>Valery Babin<\/strong> est un peintre et graphiste moscovite de renom, dont les \u0153uvres figurent dans les collections de la Galerie Tretiakov et du Mus\u00e9e Russe.<\/p>\n\n\n\n<h3 class=\"wp-block-heading mt-5\">Repr\u00e9sentants \u00e9minents de l&rsquo;art contemporain<\/h3>\n\n\n\n<p><strong>Pavel Ilyin<\/strong> &#8211; avec son regard direct, monumental et contrast\u00e9<\/p>\n\n\n\n<p><strong>Kirill Zubchenko<\/strong> est un illustrateur et graphiste de livres qui travaille selon la technique complexe de la gravure sur bois.<\/p>\n\n\n\n<p><strong>Svetlana Sutyagina<\/strong> est une virtuose des pastels \u00e0 l&rsquo;huile d\u00e9licats et lyriques.<\/p>\n\n\n\n<h3 class=\"wp-block-heading mt-5\">Nouvelle g\u00e9n\u00e9ration<\/h3>\n\n\n\n<p class=\"mb-5\"><strong>Maria Sutyagina<\/strong>, <strong>Ivan Reznichenko<\/strong>, <strong>Sergey<\/strong> et <strong>Maria Zgoda<\/strong>, <strong>Yulia Rusova<\/strong>, <strong>Dmitry Suetin<\/strong> et <strong>Maria Pchelintseva.<\/strong> Ces artistes apportent un regard neuf sur le projet, des paysages paisibles aux sc\u00e8nes d&rsquo;une intensit\u00e9 dramatique saisissante.<\/p>\n\n\n\n<p>L&rsquo;exposition \u00abLigne de contact\u00bb r\u00e9unit peinture, arts graphiques et po\u00e9sie. Les \u0153uvres pr\u00e9sent\u00e9es comprennent des peintures \u00e0 l&rsquo;huile classiques et d\u00e9licates gravures sur bois. Des sc\u00e8nes de guerre s&rsquo;entrem\u00ealent \u00e0 des images de la nature environnante et \u00e0 des r\u00e9flexions sur le destin humain. Les artistes immortalisent des moments tragiques et h\u00e9ro\u00efques de l&rsquo;histoire afin qu&rsquo;ils restent grav\u00e9s dans le c\u0153ur des nouvelles g\u00e9n\u00e9rations, tandis que la po\u00e9sie d&rsquo;auteurs classiques et contemporains compl\u00e8te et enrichit ces impressions.<\/p>\n\n\n\n<figure class=\"wp-block-gallery has-nested-images columns-default is-cropped mb-5 mt-5 wp-block-gallery-1 is-layout-flex wp-block-gallery-is-layout-flex\">\n<figure class=\"wp-block-image size-full\"><img decoding=\"async\" data-id=\"1126\" src=\"https:\/\/medbank.pro\/wp-content\/uploads\/2026\/03\/project-5-1-scaled.webp\" alt=\"\" class=\"wp-image-1126\" \/><\/figure>\n\n\n\n<figure class=\"wp-block-image size-full\"><img decoding=\"async\" data-id=\"1127\" src=\"https:\/\/medbank.pro\/wp-content\/uploads\/2026\/03\/project-5-2-scaled.webp\" alt=\"\" class=\"wp-image-1127\" \/><\/figure>\n\n\n\n<figure class=\"wp-block-image size-full\"><img decoding=\"async\" data-id=\"1128\" src=\"https:\/\/medbank.pro\/wp-content\/uploads\/2026\/03\/project-5-3-scaled.webp\" alt=\"\" class=\"wp-image-1128\" \/><\/figure>\n<\/figure>\n\n\n\n<p class=\"mt-4\">L&rsquo;originalit\u00e9 du projet r\u00e9side dans sa capacit\u00e9 \u00e0 allier un profond respect pour la tradition et une perspective contemporaine et dynamique sur l&rsquo;histoire, cr\u00e9ant ainsi une image aux multiples facettes de la m\u00e9moire nationale.<\/p>\n\n\n\n<p class=\"mb-4\">Ce projet nous rappelle que le souvenir de la guerre et de la Grande Victoire ne se limite pas aux livres d&rsquo;histoire, mais s&rsquo;inscrit aussi dans la culture. Il se transmet par la symbiose cr\u00e9ative des artistes et des po\u00e8tes, par leurs exp\u00e9riences personnelles et leur ma\u00eetrise. L&rsquo;art devient un pont entre les \u00e9poques, contribuant \u00e0 pr\u00e9server notre identit\u00e9, nos valeurs culturelles et notre humanit\u00e9.<\/p>\n\n\n\n<p class=\"orange-link\"><a href=\"https:\/\/linecontact.ru\">https:\/\/linecontact.ru<\/a><\/p>\n","protected":false},"excerpt":{"rendered":"<p>Le concept repose sur les notions de continuit\u00e9 et d&rsquo;unit\u00e9. Les cr\u00e9ateurs du projet (le collectif de commissaires d&rsquo;exposition \u00abIZBA\u00bb) d\u00e9montrent comment la m\u00e9moire de la Grande Guerre patriotique se transmet par la cr\u00e9ation. Il s&rsquo;agit d&rsquo;un dialogue autour de valeurs \u00e9ternelles: l&rsquo;amour de la patrie, la foi en l&rsquo;avenir de la Russie et l&rsquo;espoir [&hellip;]<\/p>\n","protected":false},"author":20,"featured_media":1128,"parent":852,"menu_order":18,"comment_status":"closed","ping_status":"closed","template":"templates\/template-page-project-single.php","meta":{"_acf_changed":false,"footnotes":""},"class_list":["post-1089","page","type-page","status-publish","has-post-thumbnail","hentry"],"yoast_head":"<!-- This site is optimized with the Yoast SEO plugin v27.5 - https:\/\/yoast.com\/product\/yoast-seo-wordpress\/ -->\n<title>Projet \u00abLigne de contact\u00bb: L\u2019art qui unit m\u00e9moire et tradition<\/title>\n<meta name=\"robots\" content=\"index, follow, max-snippet:-1, max-image-preview:large, max-video-preview:-1\" \/>\n<link rel=\"canonical\" href=\"https:\/\/medbank.pro\/fr\/projects\/project-9\/\" \/>\n<meta property=\"og:locale\" content=\"fr_FR\" \/>\n<meta property=\"og:locale:alternate\" content=\"ru_RU\" \/>\n<meta property=\"og:locale:alternate\" content=\"en_US\" \/>\n<meta property=\"og:type\" content=\"article\" \/>\n<meta property=\"og:title\" content=\"Projet \u00abLigne de contact\u00bb: L\u2019art qui unit m\u00e9moire et tradition\" \/>\n<meta property=\"og:description\" content=\"Le concept repose sur les notions de continuit\u00e9 et d&rsquo;unit\u00e9. Les cr\u00e9ateurs du projet (le collectif de commissaires d&rsquo;exposition \u00abIZBA\u00bb) d\u00e9montrent comment la m\u00e9moire de la Grande Guerre patriotique se transmet par la cr\u00e9ation. Il s&rsquo;agit d&rsquo;un dialogue autour de valeurs \u00e9ternelles: l&rsquo;amour de la patrie, la foi en l&rsquo;avenir de la Russie et l&rsquo;espoir [&hellip;]\" \/>\n<meta property=\"og:url\" content=\"https:\/\/medbank.pro\/fr\/projects\/project-9\/\" \/>\n<meta property=\"og:site_name\" content=\"\u041c\u0435\u0434\u0431\u0430\u043d\u043a \u041f\u0420\u041e\" \/>\n<meta property=\"og:image\" content=\"https:\/\/medbank.pro\/wp-content\/uploads\/sites\/34\/2026\/03\/project-5-3-scaled-1.webp\" \/>\n\t<meta property=\"og:image:width\" content=\"2560\" \/>\n\t<meta property=\"og:image:height\" content=\"1545\" \/>\n\t<meta property=\"og:image:type\" content=\"image\/webp\" \/>\n<meta name=\"twitter:card\" content=\"summary_large_image\" \/>\n<meta name=\"twitter:label1\" content=\"Dur\u00e9e de lecture estim\u00e9e\" \/>\n\t<meta name=\"twitter:data1\" content=\"4 minutes\" \/>\n<script type=\"application\/ld+json\" class=\"yoast-schema-graph\">{\"@context\":\"https:\\\/\\\/schema.org\",\"@graph\":[{\"@type\":\"WebPage\",\"@id\":\"https:\\\/\\\/medbank.pro\\\/fr\\\/projects\\\/project-9\\\/\",\"url\":\"https:\\\/\\\/medbank.pro\\\/fr\\\/projects\\\/project-9\\\/\",\"name\":\"Projet \u00abLigne de contact\u00bb: L\u2019art qui unit m\u00e9moire et tradition\",\"isPartOf\":{\"@id\":\"https:\\\/\\\/medbank.pro\\\/#website\"},\"primaryImageOfPage\":{\"@id\":\"https:\\\/\\\/medbank.pro\\\/fr\\\/projects\\\/project-9\\\/#primaryimage\"},\"image\":{\"@id\":\"https:\\\/\\\/medbank.pro\\\/fr\\\/projects\\\/project-9\\\/#primaryimage\"},\"thumbnailUrl\":\"https:\\\/\\\/medbank.pro\\\/wp-content\\\/uploads\\\/sites\\\/34\\\/2026\\\/03\\\/project-5-3-scaled-1.webp\",\"datePublished\":\"2026-03-24T13:36:45+00:00\",\"breadcrumb\":{\"@id\":\"https:\\\/\\\/medbank.pro\\\/fr\\\/projects\\\/project-9\\\/#breadcrumb\"},\"inLanguage\":\"fr-FR\",\"potentialAction\":[{\"@type\":\"ReadAction\",\"target\":[\"https:\\\/\\\/medbank.pro\\\/fr\\\/projects\\\/project-9\\\/\"]}]},{\"@type\":\"ImageObject\",\"inLanguage\":\"fr-FR\",\"@id\":\"https:\\\/\\\/medbank.pro\\\/fr\\\/projects\\\/project-9\\\/#primaryimage\",\"url\":\"https:\\\/\\\/medbank.pro\\\/wp-content\\\/uploads\\\/sites\\\/34\\\/2026\\\/03\\\/project-5-3-scaled-1.webp\",\"contentUrl\":\"https:\\\/\\\/medbank.pro\\\/wp-content\\\/uploads\\\/sites\\\/34\\\/2026\\\/03\\\/project-5-3-scaled-1.webp\",\"width\":2560,\"height\":1545},{\"@type\":\"BreadcrumbList\",\"@id\":\"https:\\\/\\\/medbank.pro\\\/fr\\\/projects\\\/project-9\\\/#breadcrumb\",\"itemListElement\":[{\"@type\":\"ListItem\",\"position\":1,\"name\":\"Home\",\"item\":\"https:\\\/\\\/medbank.pro\\\/\"},{\"@type\":\"ListItem\",\"position\":2,\"name\":\"Projets\",\"item\":\"https:\\\/\\\/medbank.pro\\\/fr\\\/projects\\\/\"},{\"@type\":\"ListItem\",\"position\":3,\"name\":\"\u041f\u0440\u043e\u0435\u043a\u0442 \u00ab\u041b\u0438\u043d\u0438\u044f \u0441\u043e\u043f\u0440\u0438\u043a\u043e\u0441\u043d\u043e\u0432\u0435\u043d\u0438\u044f\u00bb. \u0418\u0441\u043a\u0443\u0441\u0441\u0442\u0432\u043e, \u043e\u0431\u044a\u0435\u0434\u0438\u043d\u044f\u044e\u0449\u0435\u0435 \u043f\u0430\u043c\u044f\u0442\u044c \u0438 \u0442\u0440\u0430\u0434\u0438\u0446\u0438\u0438\"}]},{\"@type\":\"WebSite\",\"@id\":\"https:\\\/\\\/medbank.pro\\\/#website\",\"url\":\"https:\\\/\\\/medbank.pro\\\/\",\"name\":\"\u041c\u0435\u0434\u0431\u0430\u043d\u043a \u041f\u0420\u041e\",\"description\":\"\",\"potentialAction\":[{\"@type\":\"SearchAction\",\"target\":{\"@type\":\"EntryPoint\",\"urlTemplate\":\"https:\\\/\\\/medbank.pro\\\/?s={search_term_string}\"},\"query-input\":{\"@type\":\"PropertyValueSpecification\",\"valueRequired\":true,\"valueName\":\"search_term_string\"}}],\"inLanguage\":\"fr-FR\"}]}<\/script>\n<!-- \/ Yoast SEO plugin. -->","yoast_head_json":{"title":"Projet \u00abLigne de contact\u00bb: L\u2019art qui unit m\u00e9moire et tradition","robots":{"index":"index","follow":"follow","max-snippet":"max-snippet:-1","max-image-preview":"max-image-preview:large","max-video-preview":"max-video-preview:-1"},"canonical":"https:\/\/medbank.pro\/fr\/projects\/project-9\/","og_locale":"fr_FR","og_type":"article","og_title":"[:ru]\u041f\u0440\u043e\u0435\u043a\u0442 \u00ab\u041b\u0438\u043d\u0438\u044f \u0441\u043e\u043f\u0440\u0438\u043a\u043e\u0441\u043d\u043e\u0432\u0435\u043d\u0438\u044f\u00bb. \u0418\u0441\u043a\u0443\u0441\u0441\u0442\u0432\u043e, \u043e\u0431\u044a\u0435\u0434\u0438\u043d\u044f\u044e\u0449\u0435\u0435 \u043f\u0430\u043c\u044f\u0442\u044c \u0438 \u0442\u0440\u0430\u0434\u0438\u0446\u0438\u0438[:en]\"Contact Line\" Project: Art uniting memory and traditions[:fr]Projet \u00abLigne de contact\u00bb: L\u2019art qui unit m\u00e9moire et tradition[:] - \u041c\u0435\u0434\u0431\u0430\u043d\u043a \u041f\u0420\u041e","og_description":"Le concept repose sur les notions de continuit\u00e9 et d&rsquo;unit\u00e9. Les cr\u00e9ateurs du projet (le collectif de commissaires d&rsquo;exposition \u00abIZBA\u00bb) d\u00e9montrent comment la m\u00e9moire de la Grande Guerre patriotique se transmet par la cr\u00e9ation. Il s&rsquo;agit d&rsquo;un dialogue autour de valeurs \u00e9ternelles: l&rsquo;amour de la patrie, la foi en l&rsquo;avenir de la Russie et l&rsquo;espoir [&hellip;]","og_url":"https:\/\/medbank.pro\/fr\/projects\/project-9\/","og_site_name":"\u041c\u0435\u0434\u0431\u0430\u043d\u043a \u041f\u0420\u041e","og_image":[{"width":2560,"height":1545,"url":"https:\/\/medbank.pro\/wp-content\/uploads\/sites\/34\/2026\/03\/project-5-3-scaled-1.webp","type":"image\/webp"}],"twitter_card":"summary_large_image","twitter_misc":{"Dur\u00e9e de lecture estim\u00e9e":"4 minutes"},"schema":{"@context":"https:\/\/schema.org","@graph":[{"@type":"WebPage","@id":"https:\/\/medbank.pro\/fr\/projects\/project-9\/","url":"https:\/\/medbank.pro\/fr\/projects\/project-9\/","name":"Projet \u00abLigne de contact\u00bb: L\u2019art qui unit m\u00e9moire et tradition","isPartOf":{"@id":"https:\/\/medbank.pro\/#website"},"primaryImageOfPage":{"@id":"https:\/\/medbank.pro\/fr\/projects\/project-9\/#primaryimage"},"image":{"@id":"https:\/\/medbank.pro\/fr\/projects\/project-9\/#primaryimage"},"thumbnailUrl":"https:\/\/medbank.pro\/wp-content\/uploads\/sites\/34\/2026\/03\/project-5-3-scaled-1.webp","datePublished":"2026-03-24T13:36:45+00:00","breadcrumb":{"@id":"https:\/\/medbank.pro\/fr\/projects\/project-9\/#breadcrumb"},"inLanguage":"fr-FR","potentialAction":[{"@type":"ReadAction","target":["https:\/\/medbank.pro\/fr\/projects\/project-9\/"]}]},{"@type":"ImageObject","inLanguage":"fr-FR","@id":"https:\/\/medbank.pro\/fr\/projects\/project-9\/#primaryimage","url":"https:\/\/medbank.pro\/wp-content\/uploads\/sites\/34\/2026\/03\/project-5-3-scaled-1.webp","contentUrl":"https:\/\/medbank.pro\/wp-content\/uploads\/sites\/34\/2026\/03\/project-5-3-scaled-1.webp","width":2560,"height":1545},{"@type":"BreadcrumbList","@id":"https:\/\/medbank.pro\/fr\/projects\/project-9\/#breadcrumb","itemListElement":[{"@type":"ListItem","position":1,"name":"Home","item":"https:\/\/medbank.pro\/"},{"@type":"ListItem","position":2,"name":"Projets","item":"https:\/\/medbank.pro\/fr\/projects\/"},{"@type":"ListItem","position":3,"name":"\u041f\u0440\u043e\u0435\u043a\u0442 \u00ab\u041b\u0438\u043d\u0438\u044f \u0441\u043e\u043f\u0440\u0438\u043a\u043e\u0441\u043d\u043e\u0432\u0435\u043d\u0438\u044f\u00bb. \u0418\u0441\u043a\u0443\u0441\u0441\u0442\u0432\u043e, \u043e\u0431\u044a\u0435\u0434\u0438\u043d\u044f\u044e\u0449\u0435\u0435 \u043f\u0430\u043c\u044f\u0442\u044c \u0438 \u0442\u0440\u0430\u0434\u0438\u0446\u0438\u0438"}]},{"@type":"WebSite","@id":"https:\/\/medbank.pro\/#website","url":"https:\/\/medbank.pro\/","name":"\u041c\u0435\u0434\u0431\u0430\u043d\u043a \u041f\u0420\u041e","description":"","potentialAction":[{"@type":"SearchAction","target":{"@type":"EntryPoint","urlTemplate":"https:\/\/medbank.pro\/?s={search_term_string}"},"query-input":{"@type":"PropertyValueSpecification","valueRequired":true,"valueName":"search_term_string"}}],"inLanguage":"fr-FR"}]}},"acf":[],"_links":{"self":[{"href":"https:\/\/medbank.pro\/fr\/wp-json\/wp\/v2\/pages\/1089","targetHints":{"allow":["GET"]}}],"collection":[{"href":"https:\/\/medbank.pro\/fr\/wp-json\/wp\/v2\/pages"}],"about":[{"href":"https:\/\/medbank.pro\/fr\/wp-json\/wp\/v2\/types\/page"}],"author":[{"embeddable":true,"href":"https:\/\/medbank.pro\/fr\/wp-json\/wp\/v2\/users\/20"}],"replies":[{"embeddable":true,"href":"https:\/\/medbank.pro\/fr\/wp-json\/wp\/v2\/comments?post=1089"}],"version-history":[{"count":0,"href":"https:\/\/medbank.pro\/fr\/wp-json\/wp\/v2\/pages\/1089\/revisions"}],"up":[{"embeddable":true,"href":"https:\/\/medbank.pro\/fr\/wp-json\/wp\/v2\/pages\/852"}],"wp:featuredmedia":[{"embeddable":true,"href":"https:\/\/medbank.pro\/fr\/wp-json\/wp\/v2\/media\/1128"}],"wp:attachment":[{"href":"https:\/\/medbank.pro\/fr\/wp-json\/wp\/v2\/media?parent=1089"}],"curies":[{"name":"wp","href":"https:\/\/api.w.org\/{rel}","templated":true}]}}