{"id":1273,"date":"2026-04-07T15:03:11","date_gmt":"2026-04-07T12:03:11","guid":{"rendered":"https:\/\/medbank.net\/?page_id=1273"},"modified":"2026-04-07T15:03:11","modified_gmt":"2026-04-07T12:03:11","slug":"project-4","status":"publish","type":"page","link":"https:\/\/medbank.pro\/fr\/projects\/project-4\/","title":{"rendered":"Point de contr\u00f4le intelligent: enregistrement complet des temps de travail avec surveillance de l\u2019alcool\u00e9mie et de la temp\u00e9rature"},"content":{"rendered":"\n<h2 class=\"wp-block-heading\">Ce projet regroupe trois processus de production critiques au sein d&rsquo;un seul appareil:<\/h2>\n\n\n\n<div class=\"wp-block-columns cards mb-5 mt-5 is-layout-flex wp-container-core-columns-is-layout-9d6595d7 wp-block-columns-is-layout-flex\">\n<div class=\"wp-block-column card gray is-layout-flow wp-block-column-is-layout-flow\">\n<figure class=\"wp-block-image size-large\"><img decoding=\"async\" src=\"https:\/\/medbank.pro\/wp-content\/uploads\/2026\/04\/project-7-1.svg\" alt=\"\" class=\"wp-image-1293\" \/><\/figure>\n\n\n\n<h5 class=\"wp-block-heading mb-3\">Identification des employ\u00e9s<\/h5>\n<\/div>\n\n\n\n<div class=\"wp-block-column card gray is-layout-flow wp-block-column-is-layout-flow\">\n<figure class=\"wp-block-image size-large\"><img decoding=\"async\" src=\"https:\/\/medbank.pro\/wp-content\/uploads\/2026\/04\/project-7-3.svg\" alt=\"\" class=\"wp-image-1291\" \/><\/figure>\n\n\n\n<h5 class=\"wp-block-heading mb-3\">Enregistrement automatique des temps de travail<\/h5>\n<\/div>\n\n\n\n<div class=\"wp-block-column card gray is-layout-flow wp-block-column-is-layout-flow\">\n<figure class=\"wp-block-image size-large\"><img decoding=\"async\" src=\"https:\/\/medbank.pro\/wp-content\/uploads\/2026\/04\/project-7-2.svg\" alt=\"\" class=\"wp-image-1292\" \/><\/figure>\n\n\n\n<h5 class=\"wp-block-heading mb-3\">D\u00e9pistage m\u00e9dical rapide (alcool\u00e9mie et temp\u00e9rature)<\/h5>\n<\/div>\n<\/div>\n\n\n\n<p>Il en r\u00e9sulte une solution compl\u00e8te et pr\u00eate \u00e0 l&#8217;emploi, d\u00e9j\u00e0 utilis\u00e9e dans des entreprises de divers secteurs, qui renforce la s\u00e9curit\u00e9, la discipline et l&rsquo;objectivit\u00e9.<\/p>\n\n\n\n<p>L&rsquo;ensemble du processus de v\u00e9rification ne prend que 7 secondes. L&#8217;employ\u00e9 passe sa carte d&rsquo;acc\u00e8s devant le lecteur. Le terminal identifie l&rsquo;utilisateur, lui propose un test d&rsquo;alcool\u00e9mie et mesure simultan\u00e9ment sa temp\u00e9rature. Les r\u00e9sultats sont instantan\u00e9ment enregistr\u00e9s, horodat\u00e9s et synchronis\u00e9s avec le serveur. Si n\u00e9cessaire, l&rsquo;appareil imprime un badge d&rsquo;acc\u00e8s.<\/p>\n\n\n\n<p>En cas de d\u00e9tection de vapeurs d&rsquo;alcool ou d&rsquo;une temp\u00e9rature corporelle anormale, la personne responsable (directeur ou agent de s\u00e9curit\u00e9) re\u00e7oit une notification automatique l&rsquo;invitant \u00e0 intervenir imm\u00e9diatement.<\/p>\n\n\n\n<p>La pr\u00e9cision des mesures est garantie par une certification du Minist\u00e8re de la Sant\u00e9 (RU: RZN 2025\/24990). L&rsquo;enregistrement photo et vid\u00e9o, associ\u00e9 au contr\u00f4le de l&rsquo;alcool\u00e9mie et de la temp\u00e9rature, assure une s\u00e9curit\u00e9 maximale et permet la g\u00e9n\u00e9ration de rapports officiels contenant les donn\u00e9es d&rsquo;identification, l&rsquo;heure d&rsquo;enregistrement et les r\u00e9sultats des tests. Tous les \u00e9v\u00e9nements sont automatiquement enregistr\u00e9s et synchronis\u00e9s avec le serveur.<\/p>\n\n\n\n<h2 class=\"wp-block-heading mb-5 mt-5\"><strong>Le principal atout technique de ce projet<\/strong><\/h2>\n\n\n\n<p class=\"p-orange-line\">R\u00e9side dans son entonnoir d&rsquo;haleine unique, dot\u00e9 d&rsquo;une sortie d&rsquo;air lat\u00e9rale.<\/p>\n\n\n\n<p>Ce dispositif, d\u00e9velopp\u00e9 par nos soins, est brevet\u00e9 aupr\u00e8s de l&rsquo;Office des mod\u00e8les d&rsquo;utilit\u00e9 de la F\u00e9d\u00e9ration de Russie. Contrairement aux mod\u00e8les traditionnels o\u00f9 l&rsquo;air expir\u00e9 peut \u00eatre renvoy\u00e9 au visage de l&rsquo;utilisateur, notre solution dirige le flux principal vers le capteur pour analyse, tandis que l&rsquo;exc\u00e9dent est \u00e9vacu\u00e9 par un canal d\u00e9di\u00e9. Ceci \u00e9limine tout reflux de particules potentiellement contamin\u00e9es, simplifie la d\u00e9sinfection et supprime le besoin d&rsquo;accessoires jetables. De plus, ce canal lat\u00e9ral suppl\u00e9mentaire offre la possibilit\u00e9 d&rsquo;\u00e9tendre les fonctionnalit\u00e9s, notamment pour la collecte de param\u00e8tres d&rsquo;expiration additionnels.<\/p>\n\n\n\n<p>Notre solution a d\u00e9j\u00e0 \u00e9t\u00e9 test\u00e9e par des centaines d&rsquo;entreprises. Elle est id\u00e9ale pour les moyennes et grandes entreprises exigeant un contr\u00f4le d&rsquo;acc\u00e8s et une gestion des statuts du personnel rigoureux, ainsi que pour les entreprises disposant de succursales distantes. Facilement \u00e9volutive, elle peut int\u00e9grer un nombre illimit\u00e9 de terminaux.<\/p>\n\n\n\n<p>Le syst\u00e8me est simple \u00e0 installer et ergonomique (267 x 178 x 49 mm pour un poids de 2 kg). Il peut \u00eatre pos\u00e9 sur une table ou fix\u00e9 au mur, n&rsquo;importe o\u00f9 \u00e0 l&rsquo;entr\u00e9e. Il s&rsquo;int\u00e8gre facilement \u00e0 l&rsquo;infrastructure existante de l&rsquo;entreprise et ne n\u00e9cessite aucune assistance informatique ou technique. Une batterie haute capacit\u00e9 assure le fonctionnement autonome du terminal, permettant ainsi d&rsquo;effectuer des tests m\u00eame en cas de coupure de courant ou de r\u00e9seau.<\/p>\n\n\n\n<figure class=\"wp-block-gallery has-nested-images columns-default is-cropped mt-5 wp-block-gallery-1 is-layout-flex wp-block-gallery-is-layout-flex\">\n<figure class=\"wp-block-image size-full\"><img decoding=\"async\" data-id=\"1296\" src=\"https:\/\/medbank.pro\/wp-content\/uploads\/2026\/04\/project-img-7-3-scaled.jpg\" alt=\"\" class=\"wp-image-1296\" \/><\/figure>\n\n\n\n<figure class=\"wp-block-image size-full\"><img decoding=\"async\" data-id=\"1295\" src=\"https:\/\/medbank.pro\/wp-content\/uploads\/2026\/04\/project-img-7-2-scaled.jpg\" alt=\"\" class=\"wp-image-1295\" \/><\/figure>\n\n\n\n<figure class=\"wp-block-image size-full\"><img decoding=\"async\" data-id=\"1294\" src=\"https:\/\/medbank.pro\/wp-content\/uploads\/2026\/04\/project-img-7-1-scaled.jpg\" alt=\"\" class=\"wp-image-1294\" \/><\/figure>\n<\/figure>\n","protected":false},"excerpt":{"rendered":"<p>Ce projet regroupe trois processus de production critiques au sein d&rsquo;un seul appareil: Identification des employ\u00e9s Enregistrement automatique des temps de travail D\u00e9pistage m\u00e9dical rapide (alcool\u00e9mie et temp\u00e9rature) Il en r\u00e9sulte une solution compl\u00e8te et pr\u00eate \u00e0 l&#8217;emploi, d\u00e9j\u00e0 utilis\u00e9e dans des entreprises de divers secteurs, qui renforce la s\u00e9curit\u00e9, la discipline et l&rsquo;objectivit\u00e9. L&rsquo;ensemble [&hellip;]<\/p>\n","protected":false},"author":20,"featured_media":1294,"parent":852,"menu_order":22,"comment_status":"closed","ping_status":"closed","template":"templates\/template-page-project-single.php","meta":{"_acf_changed":false,"footnotes":""},"class_list":["post-1273","page","type-page","status-publish","has-post-thumbnail","hentry"],"yoast_head":"<!-- This site is optimized with the Yoast SEO plugin v27.5 - https:\/\/yoast.com\/product\/yoast-seo-wordpress\/ -->\n<title>Point de contr\u00f4le intelligent: enregistrement complet des temps de travail avec surveillance de l\u2019alcool\u00e9mie et de la temp\u00e9rature<\/title>\n<meta name=\"robots\" content=\"index, follow, max-snippet:-1, max-image-preview:large, max-video-preview:-1\" \/>\n<link rel=\"canonical\" href=\"https:\/\/medbank.pro\/fr\/projects\/project-4\/\" \/>\n<meta property=\"og:locale\" content=\"fr_FR\" \/>\n<meta property=\"og:locale:alternate\" content=\"ru_RU\" \/>\n<meta property=\"og:locale:alternate\" content=\"en_US\" \/>\n<meta property=\"og:type\" content=\"article\" \/>\n<meta property=\"og:title\" content=\"Point de contr\u00f4le intelligent: enregistrement complet des temps de travail avec surveillance de l\u2019alcool\u00e9mie et de la temp\u00e9rature\" \/>\n<meta property=\"og:description\" content=\"Ce projet regroupe trois processus de production critiques au sein d&rsquo;un seul appareil: Identification des employ\u00e9s Enregistrement automatique des temps de travail D\u00e9pistage m\u00e9dical rapide (alcool\u00e9mie et temp\u00e9rature) Il en r\u00e9sulte une solution compl\u00e8te et pr\u00eate \u00e0 l&#8217;emploi, d\u00e9j\u00e0 utilis\u00e9e dans des entreprises de divers secteurs, qui renforce la s\u00e9curit\u00e9, la discipline et l&rsquo;objectivit\u00e9. L&rsquo;ensemble [&hellip;]\" \/>\n<meta property=\"og:url\" content=\"https:\/\/medbank.pro\/fr\/projects\/project-4\/\" \/>\n<meta property=\"og:site_name\" content=\"\u041c\u0435\u0434\u0431\u0430\u043d\u043a \u041f\u0420\u041e\" \/>\n<meta property=\"og:image\" content=\"https:\/\/medbank.pro\/wp-content\/uploads\/sites\/34\/2026\/04\/project-img-7-1-scaled-1.jpg\" \/>\n\t<meta property=\"og:image:width\" content=\"2560\" \/>\n\t<meta property=\"og:image:height\" content=\"1707\" \/>\n\t<meta property=\"og:image:type\" content=\"image\/jpeg\" \/>\n<meta name=\"twitter:card\" content=\"summary_large_image\" \/>\n<meta name=\"twitter:label1\" content=\"Dur\u00e9e de lecture estim\u00e9e\" \/>\n\t<meta name=\"twitter:data1\" content=\"4 minutes\" \/>\n<script type=\"application\/ld+json\" class=\"yoast-schema-graph\">{\"@context\":\"https:\\\/\\\/schema.org\",\"@graph\":[{\"@type\":\"WebPage\",\"@id\":\"https:\\\/\\\/medbank.pro\\\/fr\\\/projects\\\/project-4\\\/\",\"url\":\"https:\\\/\\\/medbank.pro\\\/fr\\\/projects\\\/project-4\\\/\",\"name\":\"Point de contr\u00f4le intelligent: enregistrement complet des temps de travail avec surveillance de l\u2019alcool\u00e9mie et de la temp\u00e9rature\",\"isPartOf\":{\"@id\":\"https:\\\/\\\/medbank.pro\\\/#website\"},\"primaryImageOfPage\":{\"@id\":\"https:\\\/\\\/medbank.pro\\\/fr\\\/projects\\\/project-4\\\/#primaryimage\"},\"image\":{\"@id\":\"https:\\\/\\\/medbank.pro\\\/fr\\\/projects\\\/project-4\\\/#primaryimage\"},\"thumbnailUrl\":\"https:\\\/\\\/medbank.pro\\\/wp-content\\\/uploads\\\/sites\\\/34\\\/2026\\\/04\\\/project-img-7-1-scaled-1.jpg\",\"datePublished\":\"2026-04-07T12:03:11+00:00\",\"breadcrumb\":{\"@id\":\"https:\\\/\\\/medbank.pro\\\/fr\\\/projects\\\/project-4\\\/#breadcrumb\"},\"inLanguage\":\"fr-FR\",\"potentialAction\":[{\"@type\":\"ReadAction\",\"target\":[\"https:\\\/\\\/medbank.pro\\\/fr\\\/projects\\\/project-4\\\/\"]}]},{\"@type\":\"ImageObject\",\"inLanguage\":\"fr-FR\",\"@id\":\"https:\\\/\\\/medbank.pro\\\/fr\\\/projects\\\/project-4\\\/#primaryimage\",\"url\":\"https:\\\/\\\/medbank.pro\\\/wp-content\\\/uploads\\\/sites\\\/34\\\/2026\\\/04\\\/project-img-7-1-scaled-1.jpg\",\"contentUrl\":\"https:\\\/\\\/medbank.pro\\\/wp-content\\\/uploads\\\/sites\\\/34\\\/2026\\\/04\\\/project-img-7-1-scaled-1.jpg\",\"width\":2560,\"height\":1707},{\"@type\":\"BreadcrumbList\",\"@id\":\"https:\\\/\\\/medbank.pro\\\/fr\\\/projects\\\/project-4\\\/#breadcrumb\",\"itemListElement\":[{\"@type\":\"ListItem\",\"position\":1,\"name\":\"Home\",\"item\":\"https:\\\/\\\/medbank.pro\\\/\"},{\"@type\":\"ListItem\",\"position\":2,\"name\":\"Projets\",\"item\":\"https:\\\/\\\/medbank.pro\\\/fr\\\/projects\\\/\"},{\"@type\":\"ListItem\",\"position\":3,\"name\":\"\u0421\u0438\u0441\u0442\u0435\u043c\u0430 \u0443\u0447\u0435\u0442\u0430 \u0440\u0430\u0431\u043e\u0447\u0435\u0433\u043e \u0432\u0440\u0435\u043c\u0435\u043d\u0438\"}]},{\"@type\":\"WebSite\",\"@id\":\"https:\\\/\\\/medbank.pro\\\/#website\",\"url\":\"https:\\\/\\\/medbank.pro\\\/\",\"name\":\"\u041c\u0435\u0434\u0431\u0430\u043d\u043a \u041f\u0420\u041e\",\"description\":\"\",\"potentialAction\":[{\"@type\":\"SearchAction\",\"target\":{\"@type\":\"EntryPoint\",\"urlTemplate\":\"https:\\\/\\\/medbank.pro\\\/?s={search_term_string}\"},\"query-input\":{\"@type\":\"PropertyValueSpecification\",\"valueRequired\":true,\"valueName\":\"search_term_string\"}}],\"inLanguage\":\"fr-FR\"}]}<\/script>\n<!-- \/ Yoast SEO plugin. -->","yoast_head_json":{"title":"Point de contr\u00f4le intelligent: enregistrement complet des temps de travail avec surveillance de l\u2019alcool\u00e9mie et de la temp\u00e9rature","robots":{"index":"index","follow":"follow","max-snippet":"max-snippet:-1","max-image-preview":"max-image-preview:large","max-video-preview":"max-video-preview:-1"},"canonical":"https:\/\/medbank.pro\/fr\/projects\/project-4\/","og_locale":"fr_FR","og_type":"article","og_title":"[:ru]\u0421\u0438\u0441\u0442\u0435\u043c\u0430 \u0443\u0447\u0435\u0442\u0430 \u0440\u0430\u0431\u043e\u0447\u0435\u0433\u043e \u0432\u0440\u0435\u043c\u0435\u043d\u0438[:en]Smart checkpoint: comprehensive time tracking with alcohol and temperature monitoring[:fr]Point de contr\u00f4le intelligent: enregistrement complet des temps de travail avec surveillance de l\u2019alcool\u00e9mie et de la temp\u00e9rature[:] - \u041c\u0435\u0434\u0431\u0430\u043d\u043a \u041f\u0420\u041e","og_description":"Ce projet regroupe trois processus de production critiques au sein d&rsquo;un seul appareil: Identification des employ\u00e9s Enregistrement automatique des temps de travail D\u00e9pistage m\u00e9dical rapide (alcool\u00e9mie et temp\u00e9rature) Il en r\u00e9sulte une solution compl\u00e8te et pr\u00eate \u00e0 l&#8217;emploi, d\u00e9j\u00e0 utilis\u00e9e dans des entreprises de divers secteurs, qui renforce la s\u00e9curit\u00e9, la discipline et l&rsquo;objectivit\u00e9. L&rsquo;ensemble [&hellip;]","og_url":"https:\/\/medbank.pro\/fr\/projects\/project-4\/","og_site_name":"\u041c\u0435\u0434\u0431\u0430\u043d\u043a \u041f\u0420\u041e","og_image":[{"width":2560,"height":1707,"url":"https:\/\/medbank.pro\/wp-content\/uploads\/sites\/34\/2026\/04\/project-img-7-1-scaled-1.jpg","type":"image\/jpeg"}],"twitter_card":"summary_large_image","twitter_misc":{"Dur\u00e9e de lecture estim\u00e9e":"4 minutes"},"schema":{"@context":"https:\/\/schema.org","@graph":[{"@type":"WebPage","@id":"https:\/\/medbank.pro\/fr\/projects\/project-4\/","url":"https:\/\/medbank.pro\/fr\/projects\/project-4\/","name":"Point de contr\u00f4le intelligent: enregistrement complet des temps de travail avec surveillance de l\u2019alcool\u00e9mie et de la temp\u00e9rature","isPartOf":{"@id":"https:\/\/medbank.pro\/#website"},"primaryImageOfPage":{"@id":"https:\/\/medbank.pro\/fr\/projects\/project-4\/#primaryimage"},"image":{"@id":"https:\/\/medbank.pro\/fr\/projects\/project-4\/#primaryimage"},"thumbnailUrl":"https:\/\/medbank.pro\/wp-content\/uploads\/sites\/34\/2026\/04\/project-img-7-1-scaled-1.jpg","datePublished":"2026-04-07T12:03:11+00:00","breadcrumb":{"@id":"https:\/\/medbank.pro\/fr\/projects\/project-4\/#breadcrumb"},"inLanguage":"fr-FR","potentialAction":[{"@type":"ReadAction","target":["https:\/\/medbank.pro\/fr\/projects\/project-4\/"]}]},{"@type":"ImageObject","inLanguage":"fr-FR","@id":"https:\/\/medbank.pro\/fr\/projects\/project-4\/#primaryimage","url":"https:\/\/medbank.pro\/wp-content\/uploads\/sites\/34\/2026\/04\/project-img-7-1-scaled-1.jpg","contentUrl":"https:\/\/medbank.pro\/wp-content\/uploads\/sites\/34\/2026\/04\/project-img-7-1-scaled-1.jpg","width":2560,"height":1707},{"@type":"BreadcrumbList","@id":"https:\/\/medbank.pro\/fr\/projects\/project-4\/#breadcrumb","itemListElement":[{"@type":"ListItem","position":1,"name":"Home","item":"https:\/\/medbank.pro\/"},{"@type":"ListItem","position":2,"name":"Projets","item":"https:\/\/medbank.pro\/fr\/projects\/"},{"@type":"ListItem","position":3,"name":"\u0421\u0438\u0441\u0442\u0435\u043c\u0430 \u0443\u0447\u0435\u0442\u0430 \u0440\u0430\u0431\u043e\u0447\u0435\u0433\u043e \u0432\u0440\u0435\u043c\u0435\u043d\u0438"}]},{"@type":"WebSite","@id":"https:\/\/medbank.pro\/#website","url":"https:\/\/medbank.pro\/","name":"\u041c\u0435\u0434\u0431\u0430\u043d\u043a \u041f\u0420\u041e","description":"","potentialAction":[{"@type":"SearchAction","target":{"@type":"EntryPoint","urlTemplate":"https:\/\/medbank.pro\/?s={search_term_string}"},"query-input":{"@type":"PropertyValueSpecification","valueRequired":true,"valueName":"search_term_string"}}],"inLanguage":"fr-FR"}]}},"acf":[],"_links":{"self":[{"href":"https:\/\/medbank.pro\/fr\/wp-json\/wp\/v2\/pages\/1273","targetHints":{"allow":["GET"]}}],"collection":[{"href":"https:\/\/medbank.pro\/fr\/wp-json\/wp\/v2\/pages"}],"about":[{"href":"https:\/\/medbank.pro\/fr\/wp-json\/wp\/v2\/types\/page"}],"author":[{"embeddable":true,"href":"https:\/\/medbank.pro\/fr\/wp-json\/wp\/v2\/users\/20"}],"replies":[{"embeddable":true,"href":"https:\/\/medbank.pro\/fr\/wp-json\/wp\/v2\/comments?post=1273"}],"version-history":[{"count":0,"href":"https:\/\/medbank.pro\/fr\/wp-json\/wp\/v2\/pages\/1273\/revisions"}],"up":[{"embeddable":true,"href":"https:\/\/medbank.pro\/fr\/wp-json\/wp\/v2\/pages\/852"}],"wp:featuredmedia":[{"embeddable":true,"href":"https:\/\/medbank.pro\/fr\/wp-json\/wp\/v2\/media\/1294"}],"wp:attachment":[{"href":"https:\/\/medbank.pro\/fr\/wp-json\/wp\/v2\/media?parent=1273"}],"curies":[{"name":"wp","href":"https:\/\/api.w.org\/{rel}","templated":true}]}}