{"id":1282,"date":"2026-04-07T15:13:36","date_gmt":"2026-04-07T12:13:36","guid":{"rendered":"https:\/\/medbank.net\/?page_id=1282"},"modified":"2026-04-07T15:13:36","modified_gmt":"2026-04-07T12:13:36","slug":"project-1","status":"publish","type":"page","link":"https:\/\/medbank.pro\/fr\/projects\/project-1\/","title":{"rendered":"Examens m\u00e9dicaux avant trajet (EMAT) dans chaque v\u00e9hicule"},"content":{"rendered":"\n<p>Les conducteurs cherchent des solutions de contournement, ce qui a engendr\u00e9 un march\u00e9 parall\u00e8le de faux certificats. Des conducteurs souffrant de probl\u00e8mes de sant\u00e9, y compris de troubles mentaux, prennent le volant. Parall\u00e8lement, ces examens deviennent de plus en plus de simples formalit\u00e9s.<\/p>\n\n\n\n<p>Nous avons d\u00e9velopp\u00e9 une solution syst\u00e9mique pour l&rsquo;ensemble du secteur des transports: \u00e9quiper chaque v\u00e9hicule d&rsquo;un terminal mobile Dimeco T11. Ce terminal permet la num\u00e9risation compl\u00e8te des examens m\u00e9dicaux avant et apr\u00e8s le trajet (EMAT) directement dans la cabine du v\u00e9hicule.<\/p>\n\n\n\n<p>Le projet pilote est d\u00e9j\u00e0 lanc\u00e9: nous avons fourni \u00e0 nos clients une solution compl\u00e8te incluant l\u2019EMAT, l\u2019ordre de route \u00e9lectronique et l\u2019inspection du v\u00e9hicule \u00e0 distance. Plus de 500 terminaux ont \u00e9t\u00e9 install\u00e9s et des milliers d\u2019autres seront d\u00e9ploy\u00e9s prochainement. Si le projet pilote est concluant, nous pr\u00e9voyons de g\u00e9n\u00e9raliser la solution aux transports publics.<\/p>\n\n\n\n<p>Le terminal T11, de la taille d\u2019une tablette, est sp\u00e9cialement con\u00e7u pour une utilisation sur la route et fonctionne comme un v\u00e9ritable centre m\u00e9dical. Les conducteurs mesurent eux-m\u00eames leur tension art\u00e9rielle, leur pouls et leur temp\u00e9rature, et effectuent un test d\u2019alcool\u00e9mie. L\u2019ensemble de la proc\u00e9dure ne prend pas plus de 90 secondes. Les r\u00e9sultats, ainsi que l\u2019enregistrement photo et vid\u00e9o de chaque \u00e9tape, sont instantan\u00e9ment transmis au m\u00e9decin. Ce dernier confirme \u00e0 distance l\u2019admission au trajet par une signature \u00e9lectronique et g\u00e9n\u00e8re imm\u00e9diatement un ordre de route \u00e9lectronique. De plus, le terminal permet des consultations en ligne avec un m\u00e9decin (assistance aux conducteurs et aux passagers en cours de route), envoie automatiquement des notifications SMS \u00e0 la direction concernant l\u2019\u00e9tat de sant\u00e9 du conducteur pendant son trajet et g\u00e9n\u00e8re un re\u00e7u d\u2019itin\u00e9raire.<\/p>\n\n\n\n<figure class=\"wp-block-gallery has-nested-images columns-default is-cropped mt-5 wp-block-gallery-1 is-layout-flex wp-block-gallery-is-layout-flex\">\n<figure class=\"wp-block-image size-large\"><img loading=\"lazy\" decoding=\"async\" width=\"1024\" height=\"683\" data-id=\"1320\" src=\"https:\/\/medbank.pro\/wp-content\/uploads\/2026\/04\/project-img-10-3-1024x683.png\" alt=\"\" class=\"wp-image-1320\" srcset=\"https:\/\/medbank.pro\/wp-content\/uploads\/sites\/34\/2026\/04\/project-img-10-3-1024x683.png 1024w, https:\/\/medbank.pro\/wp-content\/uploads\/sites\/34\/2026\/04\/project-img-10-3-300x200.png 300w, https:\/\/medbank.pro\/wp-content\/uploads\/sites\/34\/2026\/04\/project-img-10-3-768x512.png 768w, https:\/\/medbank.pro\/wp-content\/uploads\/sites\/34\/2026\/04\/project-img-10-3.png 1536w\" sizes=\"auto, (max-width: 1024px) 100vw, 1024px\" \/><\/figure>\n\n\n\n<figure class=\"wp-block-image size-large\"><img loading=\"lazy\" decoding=\"async\" width=\"1024\" height=\"683\" data-id=\"1318\" src=\"https:\/\/medbank.pro\/wp-content\/uploads\/2026\/04\/project-img-10-1-1024x683.png\" alt=\"\" class=\"wp-image-1318\" srcset=\"https:\/\/medbank.pro\/wp-content\/uploads\/sites\/34\/2026\/04\/project-img-10-1-1024x683.png 1024w, https:\/\/medbank.pro\/wp-content\/uploads\/sites\/34\/2026\/04\/project-img-10-1-300x200.png 300w, https:\/\/medbank.pro\/wp-content\/uploads\/sites\/34\/2026\/04\/project-img-10-1-768x512.png 768w, https:\/\/medbank.pro\/wp-content\/uploads\/sites\/34\/2026\/04\/project-img-10-1-1536x1025.png 1536w, https:\/\/medbank.pro\/wp-content\/uploads\/sites\/34\/2026\/04\/project-img-10-1.png 1619w\" sizes=\"auto, (max-width: 1024px) 100vw, 1024px\" \/><\/figure>\n\n\n\n<figure class=\"wp-block-image size-large\"><img loading=\"lazy\" decoding=\"async\" width=\"1024\" height=\"683\" data-id=\"1319\" src=\"https:\/\/medbank.pro\/wp-content\/uploads\/2026\/04\/project-img-10-2-1024x683.png\" alt=\"\" class=\"wp-image-1319\" srcset=\"https:\/\/medbank.pro\/wp-content\/uploads\/sites\/34\/2026\/04\/project-img-10-2-1024x683.png 1024w, https:\/\/medbank.pro\/wp-content\/uploads\/sites\/34\/2026\/04\/project-img-10-2-300x200.png 300w, https:\/\/medbank.pro\/wp-content\/uploads\/sites\/34\/2026\/04\/project-img-10-2-768x512.png 768w, https:\/\/medbank.pro\/wp-content\/uploads\/sites\/34\/2026\/04\/project-img-10-2.png 1536w\" sizes=\"auto, (max-width: 1024px) 100vw, 1024px\" \/><\/figure>\n<\/figure>\n\n\n\n<h2 class=\"wp-block-heading mt-5 mb-5\"><strong>Que signifie pour une entreprise l&rsquo;installation d&rsquo;un terminal T11 dans une voiture\u00a0?<\/strong><\/h2>\n\n\n\n<div class=\"wp-block-columns cards mb-5 mt-5 is-layout-flex wp-container-core-columns-is-layout-9d6595d7 wp-block-columns-is-layout-flex\">\n<div class=\"wp-block-column card gray is-layout-flow wp-block-column-is-layout-flow\">\n<figure class=\"wp-block-image size-large\"><img decoding=\"async\" src=\"https:\/\/medbank.pro\/wp-content\/uploads\/2026\/04\/prod-10.svg\" alt=\"\" class=\"wp-image-1324\" \/><\/figure>\n\n\n\n<h5 class=\"wp-block-heading\">\u00c9conomies<\/h5>\n\n\n\n<p>jusqu&rsquo;\u00e0 50 % sur les frais d&rsquo;examens m\u00e9dicaux<\/p>\n<\/div>\n\n\n\n<div class=\"wp-block-column card gray is-layout-flow wp-block-column-is-layout-flow\">\n<figure class=\"wp-block-image size-large\"><img decoding=\"async\" src=\"https:\/\/medbank.pro\/wp-content\/uploads\/2026\/04\/project-7-3.svg\" alt=\"\" class=\"wp-image-1291\" \/><\/figure>\n\n\n\n<h5 class=\"wp-block-heading\">Gain de temps<\/h5>\n\n\n\n<p>un poste de travail suppl\u00e9mentaire par mois et par conducteur<\/p>\n<\/div>\n\n\n\n<div class=\"wp-block-column card gray is-layout-flow wp-block-column-is-layout-flow\">\n<figure class=\"wp-block-image size-large\"><img decoding=\"async\" src=\"https:\/\/medbank.pro\/wp-content\/uploads\/2026\/03\/icon-directions-1-2.svg\" alt=\"\" class=\"wp-image-968\" \/><\/figure>\n\n\n\n<h5 class=\"wp-block-heading\">Transparence<\/h5>\n\n\n\n<p>protection totale contre la fraude et les faux certificats. Suivi rigoureux de l&rsquo;\u00e9tat de sant\u00e9 des conducteurs avant chaque trajet<\/p>\n<\/div>\n\n\n\n<div class=\"wp-block-column card gray is-layout-flow wp-block-column-is-layout-flow\">\n<figure class=\"wp-block-image size-large\"><img decoding=\"async\" src=\"https:\/\/medbank.pro\/wp-content\/uploads\/2026\/04\/prod-10-1.svg\" alt=\"\" class=\"wp-image-1325\" \/><\/figure>\n\n\n\n<h5 class=\"wp-block-heading\">Efficacit\u00e9<\/h5>\n\n\n\n<p>augmentation de 5 % de la productivit\u00e9 sans agrandir la flotte<\/p>\n<\/div>\n<\/div>\n\n\n\n<p>Point important, la solution est enti\u00e8rement conforme \u00e0 la loi. Les examens m\u00e9dicaux \u00e0 distance sont autoris\u00e9s depuis le 1er septembre 2023 et le minist\u00e8re des Transports s&rsquo;est fix\u00e9 pour objectif de num\u00e9riser 90 % des documents de transport d&rsquo;ici 2030. Le terminal Dimeco T11 fonctionne dans le strict respect du cadre l\u00e9gal et utilise la signature \u00e9lectronique du m\u00e9decin.<\/p>\n\n\n\n<p>Installer le T11 dans chaque v\u00e9hicule ne se limite pas au simple remplacement des certificats papier par des certificats \u00e9lectroniques. Cela permet une assistance m\u00e9dicale 24h\/24 et 7j\/7 pour l&rsquo;ensemble de la flotte, garantit une s\u00e9curit\u00e9 routi\u00e8re optimale, assure une transparence totale pour la gestion et autorise des trajets suppl\u00e9mentaires sans frais inutiles. Cette technologie peut fournir une assistance m\u00e9dicale aux conducteurs dans toute la Russie et r\u00e9soudre les probl\u00e8mes syst\u00e9miques du secteur gr\u00e2ce \u00e0 des solutions num\u00e9riques.<\/p>\n","protected":false},"excerpt":{"rendered":"<p>Les conducteurs cherchent des solutions de contournement, ce qui a engendr\u00e9 un march\u00e9 parall\u00e8le de faux certificats. Des conducteurs souffrant de probl\u00e8mes de sant\u00e9, y compris de troubles mentaux, prennent le volant. Parall\u00e8lement, ces examens deviennent de plus en plus de simples formalit\u00e9s. Nous avons d\u00e9velopp\u00e9 une solution syst\u00e9mique pour l&rsquo;ensemble du secteur des transports: [&hellip;]<\/p>\n","protected":false},"author":20,"featured_media":1319,"parent":852,"menu_order":17,"comment_status":"closed","ping_status":"closed","template":"templates\/template-page-project-single.php","meta":{"_acf_changed":false,"footnotes":""},"class_list":["post-1282","page","type-page","status-publish","has-post-thumbnail","hentry"],"yoast_head":"<!-- This site is optimized with the Yoast SEO plugin v27.5 - https:\/\/yoast.com\/product\/yoast-seo-wordpress\/ -->\n<title>Examens m\u00e9dicaux avant trajet (EMAT) dans chaque v\u00e9hicule<\/title>\n<meta name=\"robots\" content=\"index, follow, max-snippet:-1, max-image-preview:large, max-video-preview:-1\" \/>\n<link rel=\"canonical\" href=\"https:\/\/medbank.pro\/fr\/projects\/project-1\/\" \/>\n<meta property=\"og:locale\" content=\"fr_FR\" \/>\n<meta property=\"og:locale:alternate\" content=\"ru_RU\" \/>\n<meta property=\"og:locale:alternate\" content=\"en_US\" \/>\n<meta property=\"og:type\" content=\"article\" \/>\n<meta property=\"og:title\" content=\"Examens m\u00e9dicaux avant trajet (EMAT) dans chaque v\u00e9hicule\" \/>\n<meta property=\"og:description\" content=\"Les conducteurs cherchent des solutions de contournement, ce qui a engendr\u00e9 un march\u00e9 parall\u00e8le de faux certificats. Des conducteurs souffrant de probl\u00e8mes de sant\u00e9, y compris de troubles mentaux, prennent le volant. Parall\u00e8lement, ces examens deviennent de plus en plus de simples formalit\u00e9s. Nous avons d\u00e9velopp\u00e9 une solution syst\u00e9mique pour l&rsquo;ensemble du secteur des transports: [&hellip;]\" \/>\n<meta property=\"og:url\" content=\"https:\/\/medbank.pro\/fr\/projects\/project-1\/\" \/>\n<meta property=\"og:site_name\" content=\"\u041c\u0435\u0434\u0431\u0430\u043d\u043a \u041f\u0420\u041e\" \/>\n<meta property=\"og:image\" content=\"https:\/\/medbank.pro\/wp-content\/uploads\/sites\/34\/2026\/04\/project-img-10-2.png\" \/>\n\t<meta property=\"og:image:width\" content=\"1536\" \/>\n\t<meta property=\"og:image:height\" content=\"1024\" \/>\n\t<meta property=\"og:image:type\" content=\"image\/png\" \/>\n<meta name=\"twitter:card\" content=\"summary_large_image\" \/>\n<meta name=\"twitter:label1\" content=\"Dur\u00e9e de lecture estim\u00e9e\" \/>\n\t<meta name=\"twitter:data1\" content=\"5 minutes\" \/>\n<script type=\"application\/ld+json\" class=\"yoast-schema-graph\">{\"@context\":\"https:\\\/\\\/schema.org\",\"@graph\":[{\"@type\":\"WebPage\",\"@id\":\"https:\\\/\\\/medbank.pro\\\/fr\\\/projects\\\/project-1\\\/\",\"url\":\"https:\\\/\\\/medbank.pro\\\/fr\\\/projects\\\/project-1\\\/\",\"name\":\"Examens m\u00e9dicaux avant trajet (EMAT) dans chaque v\u00e9hicule\",\"isPartOf\":{\"@id\":\"https:\\\/\\\/medbank.pro\\\/#website\"},\"primaryImageOfPage\":{\"@id\":\"https:\\\/\\\/medbank.pro\\\/fr\\\/projects\\\/project-1\\\/#primaryimage\"},\"image\":{\"@id\":\"https:\\\/\\\/medbank.pro\\\/fr\\\/projects\\\/project-1\\\/#primaryimage\"},\"thumbnailUrl\":\"https:\\\/\\\/medbank.pro\\\/wp-content\\\/uploads\\\/sites\\\/34\\\/2026\\\/04\\\/project-img-10-2.png\",\"datePublished\":\"2026-04-07T12:13:36+00:00\",\"breadcrumb\":{\"@id\":\"https:\\\/\\\/medbank.pro\\\/fr\\\/projects\\\/project-1\\\/#breadcrumb\"},\"inLanguage\":\"fr-FR\",\"potentialAction\":[{\"@type\":\"ReadAction\",\"target\":[\"https:\\\/\\\/medbank.pro\\\/fr\\\/projects\\\/project-1\\\/\"]}]},{\"@type\":\"ImageObject\",\"inLanguage\":\"fr-FR\",\"@id\":\"https:\\\/\\\/medbank.pro\\\/fr\\\/projects\\\/project-1\\\/#primaryimage\",\"url\":\"https:\\\/\\\/medbank.pro\\\/wp-content\\\/uploads\\\/sites\\\/34\\\/2026\\\/04\\\/project-img-10-2.png\",\"contentUrl\":\"https:\\\/\\\/medbank.pro\\\/wp-content\\\/uploads\\\/sites\\\/34\\\/2026\\\/04\\\/project-img-10-2.png\",\"width\":1536,\"height\":1024},{\"@type\":\"BreadcrumbList\",\"@id\":\"https:\\\/\\\/medbank.pro\\\/fr\\\/projects\\\/project-1\\\/#breadcrumb\",\"itemListElement\":[{\"@type\":\"ListItem\",\"position\":1,\"name\":\"Home\",\"item\":\"https:\\\/\\\/medbank.pro\\\/\"},{\"@type\":\"ListItem\",\"position\":2,\"name\":\"Projets\",\"item\":\"https:\\\/\\\/medbank.pro\\\/fr\\\/projects\\\/\"},{\"@type\":\"ListItem\",\"position\":3,\"name\":\"\u041f\u0420\u041c\u041e \u0432 \u043a\u0430\u0436\u0434\u044b\u0439 \u0430\u0432\u0442\u043e\u043c\u043e\u0431\u0438\u043b\u044c\"}]},{\"@type\":\"WebSite\",\"@id\":\"https:\\\/\\\/medbank.pro\\\/#website\",\"url\":\"https:\\\/\\\/medbank.pro\\\/\",\"name\":\"\u041c\u0435\u0434\u0431\u0430\u043d\u043a \u041f\u0420\u041e\",\"description\":\"\",\"potentialAction\":[{\"@type\":\"SearchAction\",\"target\":{\"@type\":\"EntryPoint\",\"urlTemplate\":\"https:\\\/\\\/medbank.pro\\\/?s={search_term_string}\"},\"query-input\":{\"@type\":\"PropertyValueSpecification\",\"valueRequired\":true,\"valueName\":\"search_term_string\"}}],\"inLanguage\":\"fr-FR\"}]}<\/script>\n<!-- \/ Yoast SEO plugin. -->","yoast_head_json":{"title":"Examens m\u00e9dicaux avant trajet (EMAT) dans chaque v\u00e9hicule","robots":{"index":"index","follow":"follow","max-snippet":"max-snippet:-1","max-image-preview":"max-image-preview:large","max-video-preview":"max-video-preview:-1"},"canonical":"https:\/\/medbank.pro\/fr\/projects\/project-1\/","og_locale":"fr_FR","og_type":"article","og_title":"[:ru]\u041f\u0420\u041c\u041e \u0432 \u043a\u0430\u0436\u0434\u044b\u0439 \u0430\u0432\u0442\u043e\u043c\u043e\u0431\u0438\u043b\u044c[:en]Pre-trip medical examinations (PTME) in every vehicle[:fr]Examens m\u00e9dicaux avant trajet (EMAT) dans chaque v\u00e9hicule[:] - \u041c\u0435\u0434\u0431\u0430\u043d\u043a \u041f\u0420\u041e","og_description":"Les conducteurs cherchent des solutions de contournement, ce qui a engendr\u00e9 un march\u00e9 parall\u00e8le de faux certificats. Des conducteurs souffrant de probl\u00e8mes de sant\u00e9, y compris de troubles mentaux, prennent le volant. Parall\u00e8lement, ces examens deviennent de plus en plus de simples formalit\u00e9s. Nous avons d\u00e9velopp\u00e9 une solution syst\u00e9mique pour l&rsquo;ensemble du secteur des transports: [&hellip;]","og_url":"https:\/\/medbank.pro\/fr\/projects\/project-1\/","og_site_name":"\u041c\u0435\u0434\u0431\u0430\u043d\u043a \u041f\u0420\u041e","og_image":[{"width":1536,"height":1024,"url":"https:\/\/medbank.pro\/wp-content\/uploads\/sites\/34\/2026\/04\/project-img-10-2.png","type":"image\/png"}],"twitter_card":"summary_large_image","twitter_misc":{"Dur\u00e9e de lecture estim\u00e9e":"5 minutes"},"schema":{"@context":"https:\/\/schema.org","@graph":[{"@type":"WebPage","@id":"https:\/\/medbank.pro\/fr\/projects\/project-1\/","url":"https:\/\/medbank.pro\/fr\/projects\/project-1\/","name":"Examens m\u00e9dicaux avant trajet (EMAT) dans chaque v\u00e9hicule","isPartOf":{"@id":"https:\/\/medbank.pro\/#website"},"primaryImageOfPage":{"@id":"https:\/\/medbank.pro\/fr\/projects\/project-1\/#primaryimage"},"image":{"@id":"https:\/\/medbank.pro\/fr\/projects\/project-1\/#primaryimage"},"thumbnailUrl":"https:\/\/medbank.pro\/wp-content\/uploads\/sites\/34\/2026\/04\/project-img-10-2.png","datePublished":"2026-04-07T12:13:36+00:00","breadcrumb":{"@id":"https:\/\/medbank.pro\/fr\/projects\/project-1\/#breadcrumb"},"inLanguage":"fr-FR","potentialAction":[{"@type":"ReadAction","target":["https:\/\/medbank.pro\/fr\/projects\/project-1\/"]}]},{"@type":"ImageObject","inLanguage":"fr-FR","@id":"https:\/\/medbank.pro\/fr\/projects\/project-1\/#primaryimage","url":"https:\/\/medbank.pro\/wp-content\/uploads\/sites\/34\/2026\/04\/project-img-10-2.png","contentUrl":"https:\/\/medbank.pro\/wp-content\/uploads\/sites\/34\/2026\/04\/project-img-10-2.png","width":1536,"height":1024},{"@type":"BreadcrumbList","@id":"https:\/\/medbank.pro\/fr\/projects\/project-1\/#breadcrumb","itemListElement":[{"@type":"ListItem","position":1,"name":"Home","item":"https:\/\/medbank.pro\/"},{"@type":"ListItem","position":2,"name":"Projets","item":"https:\/\/medbank.pro\/fr\/projects\/"},{"@type":"ListItem","position":3,"name":"\u041f\u0420\u041c\u041e \u0432 \u043a\u0430\u0436\u0434\u044b\u0439 \u0430\u0432\u0442\u043e\u043c\u043e\u0431\u0438\u043b\u044c"}]},{"@type":"WebSite","@id":"https:\/\/medbank.pro\/#website","url":"https:\/\/medbank.pro\/","name":"\u041c\u0435\u0434\u0431\u0430\u043d\u043a \u041f\u0420\u041e","description":"","potentialAction":[{"@type":"SearchAction","target":{"@type":"EntryPoint","urlTemplate":"https:\/\/medbank.pro\/?s={search_term_string}"},"query-input":{"@type":"PropertyValueSpecification","valueRequired":true,"valueName":"search_term_string"}}],"inLanguage":"fr-FR"}]}},"acf":[],"_links":{"self":[{"href":"https:\/\/medbank.pro\/fr\/wp-json\/wp\/v2\/pages\/1282","targetHints":{"allow":["GET"]}}],"collection":[{"href":"https:\/\/medbank.pro\/fr\/wp-json\/wp\/v2\/pages"}],"about":[{"href":"https:\/\/medbank.pro\/fr\/wp-json\/wp\/v2\/types\/page"}],"author":[{"embeddable":true,"href":"https:\/\/medbank.pro\/fr\/wp-json\/wp\/v2\/users\/20"}],"replies":[{"embeddable":true,"href":"https:\/\/medbank.pro\/fr\/wp-json\/wp\/v2\/comments?post=1282"}],"version-history":[{"count":0,"href":"https:\/\/medbank.pro\/fr\/wp-json\/wp\/v2\/pages\/1282\/revisions"}],"up":[{"embeddable":true,"href":"https:\/\/medbank.pro\/fr\/wp-json\/wp\/v2\/pages\/852"}],"wp:featuredmedia":[{"embeddable":true,"href":"https:\/\/medbank.pro\/fr\/wp-json\/wp\/v2\/media\/1319"}],"wp:attachment":[{"href":"https:\/\/medbank.pro\/fr\/wp-json\/wp\/v2\/media?parent=1282"}],"curies":[{"name":"wp","href":"https:\/\/api.w.org\/{rel}","templated":true}]}}